{"id":1280,"date":"2021-03-29T18:11:07","date_gmt":"2021-03-29T16:11:07","guid":{"rendered":"http:\/\/localhost:8888\/wordpress\/?page_id=1280"},"modified":"2025-09-01T15:57:21","modified_gmt":"2025-09-01T13:57:21","slug":"horaires-et-tarifs-2","status":"publish","type":"page","link":"https:\/\/lekyokai-villeurbanne.fr\/?page_id=1280","title":{"rendered":"Horaires et tarifs"},"content":{"rendered":"\t\t<div data-elementor-type=\"wp-page\" data-elementor-id=\"1280\" class=\"elementor elementor-1280\">\n\t\t\t\t\t\t<section class=\"elementor-section elementor-top-section elementor-element elementor-element-14f62208 elementor-section-boxed elementor-section-height-default elementor-section-height-default\" data-id=\"14f62208\" data-element_type=\"section\" data-e-type=\"section\">\n\t\t\t\t\t\t<div class=\"elementor-container elementor-column-gap-default\">\n\t\t\t\t\t<div class=\"aux-parallax-section elementor-column elementor-col-50 elementor-top-column elementor-element elementor-element-49c0bc10\" data-id=\"49c0bc10\" data-element_type=\"column\" data-e-type=\"column\">\n\t\t\t<div class=\"elementor-widget-wrap elementor-element-populated\">\n\t\t\t\t\t\t<div class=\"elementor-element elementor-element-961a3e0 aux-appear-watch-animation aux-fade-in elementor-widget elementor-widget-aux_image\" data-id=\"961a3e0\" data-element_type=\"widget\" data-e-type=\"widget\" data-widget_type=\"aux_image.default\">\n\t\t\t\t<div class=\"elementor-widget-container\">\n\t\t\t\t\t<section class=\"widget-container aux-widget-image aux-alignnone aux-parent-au7d566633\">\n    <div class=\"aux-media-hint-frame \">\n        <div class=\"aux-media-image \" >\n        \n            \n\n            \n            <img fetchpriority=\"high\" decoding=\"async\" width=\"1314\" height=\"200\" src=\"https:\/\/lekyokai-villeurbanne.fr\/wp-content\/uploads\/2022\/03\/cropped-IMG-20220206-WA0015-e1652454227237-1388x200.jpg\" class=\"aux-attachment aux-featured-image aux-attachment-id-4543\" alt=\"cropped-IMG-20220206-WA0015.jpg\" srcset=\"https:\/\/lekyokai-villeurbanne.fr\/wp-content\/uploads\/2022\/03\/cropped-IMG-20220206-WA0015-e1652454227237-150x22.jpg 150w,https:\/\/lekyokai-villeurbanne.fr\/wp-content\/uploads\/2022\/03\/cropped-IMG-20220206-WA0015-e1652454227237-300x43.jpg 300w,https:\/\/lekyokai-villeurbanne.fr\/wp-content\/uploads\/2022\/03\/cropped-IMG-20220206-WA0015-e1652454227237-768x111.jpg 768w,https:\/\/lekyokai-villeurbanne.fr\/wp-content\/uploads\/2022\/03\/cropped-IMG-20220206-WA0015-e1652454227237-1024x148.jpg 1024w,https:\/\/lekyokai-villeurbanne.fr\/wp-content\/uploads\/2022\/03\/cropped-IMG-20220206-WA0015-e1652454227237-1388x200.jpg 1314w\" data-ratio=\"6.94\" data-original-w=\"1314\" sizes=\"(max-width:479px) 480px,(max-width:767px) 768px,(max-width:1023px) 1024px,1314px\" \/>            \n                <\/div>\n    <\/div>\n\n<\/section><!-- widget-container -->\t\t\t\t<\/div>\n\t\t\t\t<\/div>\n\t\t\t\t\t<\/div>\n\t\t<\/div>\n\t\t\t\t<div class=\"aux-parallax-section elementor-column elementor-col-50 elementor-top-column elementor-element elementor-element-274846db\" data-id=\"274846db\" data-element_type=\"column\" data-e-type=\"column\" data-settings=\"{&quot;background_background&quot;:&quot;classic&quot;}\">\n\t\t\t<div class=\"elementor-widget-wrap elementor-element-populated\">\n\t\t\t\t\t\t<div class=\"elementor-element elementor-element-58afe8c0 aux-appear-watch-animation aux-fade-in-right-1 elementor-widget elementor-widget-aux_modern_heading\" data-id=\"58afe8c0\" data-element_type=\"widget\" data-e-type=\"widget\" data-widget_type=\"aux_modern_heading.default\">\n\t\t\t\t<div class=\"elementor-widget-container\">\n\t\t\t\t\t<section class=\"aux-widget-modern-heading\">\n            <div class=\"aux-widget-inner\"><div class=\"aux-modern-heading-divider\"><\/div><h2 class=\"aux-modern-heading-primary\">Horaires et tarifs<\/h2><\/div>\n        <\/section>\t\t\t\t<\/div>\n\t\t\t\t<\/div>\n\t\t\t\t\t<\/div>\n\t\t<\/div>\n\t\t\t\t\t<\/div>\n\t\t<\/section>\n\t\t\t\t<section class=\"elementor-section elementor-top-section elementor-element elementor-element-48a6eb32 elementor-section-boxed elementor-section-height-default elementor-section-height-default\" data-id=\"48a6eb32\" data-element_type=\"section\" data-e-type=\"section\">\n\t\t\t\t\t\t<div class=\"elementor-container elementor-column-gap-default\">\n\t\t\t\t\t<div class=\"aux-parallax-section elementor-column elementor-col-100 elementor-top-column elementor-element elementor-element-95a3a56 aux-appear-watch-animation aux-fade-in-up\" data-id=\"95a3a56\" data-element_type=\"column\" data-e-type=\"column\">\n\t\t\t<div class=\"elementor-widget-wrap\">\n\t\t\t\t\t\t\t<\/div>\n\t\t<\/div>\n\t\t\t\t\t<\/div>\n\t\t<\/section>\n\t\t\t\t<section class=\"elementor-section elementor-top-section elementor-element elementor-element-50e10d51 aux-appear-watch-animation aux-scale-down elementor-section-boxed elementor-section-height-default elementor-section-height-default\" data-id=\"50e10d51\" data-element_type=\"section\" data-e-type=\"section\">\n\t\t\t\t\t\t<div class=\"elementor-container elementor-column-gap-default\">\n\t\t\t\t\t<div class=\"aux-parallax-section elementor-column elementor-col-100 elementor-top-column elementor-element elementor-element-3908db16\" data-id=\"3908db16\" data-element_type=\"column\" data-e-type=\"column\">\n\t\t\t<div class=\"elementor-widget-wrap elementor-element-populated\">\n\t\t\t\t\t\t<div class=\"elementor-element elementor-element-9267281 elementor-widget elementor-widget-text-editor\" data-id=\"9267281\" data-element_type=\"widget\" data-e-type=\"widget\" data-widget_type=\"text-editor.default\">\n\t\t\t\t<div class=\"elementor-widget-container\">\n\t\t\t\t\t\t\t\t\t<div class=\"wp-block-columns\">\n<p><\/p>\n<div class=\"wp-block-column is-layout-flow wp-block-column-is-layout-flow\"><\/div>\n<\/div>\n<p class=\"has-colibri-color-6-color has-text-color\" style=\"font-size: 31px;\"><strong>Tarifs: <\/strong><\/p>\n<p><\/p>\n<figure class=\"wp-block-table is-style-stripes\">\n<table class=\"has-background\" style=\"background-color: #e7f5fe;\">\n<tbody>\n<tr>\n<td>\u00a0<\/td>\n<td class=\"has-text-align-center\" data-align=\"center\"><span class=\"has-inline-color has-colibri-color-6-color\">Adulte <\/span><\/td>\n<td class=\"has-text-align-center\" data-align=\"center\"><span class=\"has-inline-color has-colibri-color-6-color\">+ 15 ans, \u00e9tudiant, retrait\u00e9, ch\u00f4meur&#8230;<\/span><\/td>\n<td class=\"has-text-align-center\" data-align=\"center\"><span class=\"has-inline-color has-colibri-color-6-color\">Enfant (7 \u00e0 15 ans)<\/span><\/td>\n<\/tr>\n<tr>\n<td><span class=\"has-inline-color has-colibri-color-6-color\">C\u00f4tisations <br \/>2025\/2026<\/span><\/td>\n<td class=\"has-text-align-center\" data-align=\"center\"><span class=\"has-inline-color has-colibri-color-6-color\">276\u20ac<\/span><\/td>\n<td class=\"has-text-align-center\" data-align=\"center\"><span class=\"has-inline-color has-colibri-color-6-color\">247\u20ac<\/span><\/td>\n<td class=\"has-text-align-center\" data-align=\"center\"><span class=\"has-inline-color has-colibri-color-6-color\">206\u20ac<\/span><\/td>\n<\/tr>\n<\/tbody>\n<\/table>\n<figcaption><span class=\"has-inline-color has-colibri-color-1-color\">Paiement \u00e9chelonn\u00e9: Tous les ch\u00e8ques sont \u00e0 remettre lors de l&rsquo;inscription(encaissement les 3 ou 4 premiers mois de la saison sportive)<\/span><\/figcaption>\n<\/figure>\n<p><\/p>\n<p class=\"has-colibri-color-6-color has-text-color\"><strong>R\u00e9ductions famille<\/strong> : -20% pour la deuxi\u00e8me personne inscrite.<\/p>\n<p><\/p>\n<p><\/p>\n<p><\/p>\n<p class=\"has-colibri-color-6-color has-text-color\"><em>Retrouvez le Club du Kyokai pour vos entra\u00eenements en\u00a0 Karat\u00e9, Self D\u00e9fense et Full contact \u00e0 cette adresse:<\/em><\/p>\n<p><\/p>\n<p><iframe style=\"border: 0;\" src=\"https:\/\/www.google.com\/maps\/embed?pb=!1m18!1m12!1m3!1d16874.61174566558!2d4.877983187127058!3d45.76571592251208!2m3!1f0!2f0!3f0!3m2!1i1024!2i768!4f13.1!3m3!1m2!1s0x47f4c0327081c2ef%3A0x7c492f33acd5db30!2sKyoka%C3%AF%20-%20Full%20contact!5e0!3m2!1sfr!2sfr!4v1617034780659!5m2!1sfr!2sfr\" width=\"600\" height=\"450\" allowfullscreen=\"allowfullscreen\"><\/iframe><\/p>\n<p><\/p>\n<p><\/p>\t\t\t\t\t\t\t\t<\/div>\n\t\t\t\t<\/div>\n\t\t\t\t<div class=\"elementor-element elementor-element-8577e27 elementor-align-center elementor-widget elementor-widget-button\" data-id=\"8577e27\" data-element_type=\"widget\" data-e-type=\"widget\" data-widget_type=\"button.default\">\n\t\t\t\t<div class=\"elementor-widget-container\">\n\t\t\t\t\t\t\t\t\t<div class=\"elementor-button-wrapper\">\n\t\t\t\t\t<a class=\"elementor-button elementor-button-link elementor-size-md elementor-animation-pop\" href=\"https:\/\/lekyokai-villeurbanne.fr\/wp-content\/uploads\/2025\/09\/fiche-de-renseignement-4.pdf\" target=\"_blank\">\n\t\t\t\t\t\t<span class=\"elementor-button-content-wrapper\">\n\t\t\t\t\t\t\t\t\t<span class=\"elementor-button-text\">Nos horaires<\/span>\n\t\t\t\t\t<\/span>\n\t\t\t\t\t<\/a>\n\t\t\t\t<\/div>\n\t\t\t\t\t\t\t\t<\/div>\n\t\t\t\t<\/div>\n\t\t\t\t\t<\/div>\n\t\t<\/div>\n\t\t\t\t\t<\/div>\n\t\t<\/section>\n\t\t\t\t<\/div>\n\t\t","protected":false},"excerpt":{"rendered":"<p>Horaires et tarifs Tarifs: \u00a0 Adulte + 15 ans, \u00e9tudiant, retrait\u00e9, ch\u00f4meur&#8230; Enfant (7 \u00e0 15 ans) C\u00f4tisations 2025\/2026 276\u20ac 247\u20ac 206\u20ac Paiement \u00e9chelonn\u00e9: Tous les ch\u00e8ques sont \u00e0 remettre lors de l&rsquo;inscription(encaissement les 3 ou 4 premiers mois de la saison sportive) R\u00e9ductions famille : -20% pour la deuxi\u00e8me personne inscrite. Retrouvez le Club [&hellip;]<\/p>\n","protected":false},"author":1,"featured_media":0,"parent":0,"menu_order":0,"comment_status":"closed","ping_status":"closed","template":"","meta":{"footnotes":""},"class_list":["post-1280","page","type-page","status-publish","hentry"],"_links":{"self":[{"href":"https:\/\/lekyokai-villeurbanne.fr\/index.php?rest_route=\/wp\/v2\/pages\/1280","targetHints":{"allow":["GET"]}}],"collection":[{"href":"https:\/\/lekyokai-villeurbanne.fr\/index.php?rest_route=\/wp\/v2\/pages"}],"about":[{"href":"https:\/\/lekyokai-villeurbanne.fr\/index.php?rest_route=\/wp\/v2\/types\/page"}],"author":[{"embeddable":true,"href":"https:\/\/lekyokai-villeurbanne.fr\/index.php?rest_route=\/wp\/v2\/users\/1"}],"replies":[{"embeddable":true,"href":"https:\/\/lekyokai-villeurbanne.fr\/index.php?rest_route=%2Fwp%2Fv2%2Fcomments&post=1280"}],"version-history":[{"count":173,"href":"https:\/\/lekyokai-villeurbanne.fr\/index.php?rest_route=\/wp\/v2\/pages\/1280\/revisions"}],"predecessor-version":[{"id":6937,"href":"https:\/\/lekyokai-villeurbanne.fr\/index.php?rest_route=\/wp\/v2\/pages\/1280\/revisions\/6937"}],"wp:attachment":[{"href":"https:\/\/lekyokai-villeurbanne.fr\/index.php?rest_route=%2Fwp%2Fv2%2Fmedia&parent=1280"}],"curies":[{"name":"wp","href":"https:\/\/api.w.org\/{rel}","templated":true}]}}