{"id":173,"date":"2021-02-25T18:08:59","date_gmt":"2021-02-25T17:08:59","guid":{"rendered":"http:\/\/localhost:8888\/wordpress\/?page_id=173"},"modified":"2021-09-13T12:26:27","modified_gmt":"2021-09-13T10:26:27","slug":"le-club","status":"publish","type":"page","link":"https:\/\/lekyokai-villeurbanne.fr\/?page_id=173","title":{"rendered":"Le club"},"content":{"rendered":"<div data-colibri-id=\"173-c1\" class=\"style-236 style-local-173-c1 position-relative\">\n  <!----><\/p>\n<div data-colibri-component=\"section\" data-colibri-id=\"173-c2\" id=\"content-3\" class=\"h-section h-section-global-spacing d-flex align-items-lg-center align-items-md-center align-items-center style-1268 style-local-173-c2 position-relative\">\n    <!----><br \/>\n    <!----><\/p>\n<div class=\"h-section-grid-container h-section-boxed-container\">\n<div data-colibri-id=\"173-c6\" class=\"h-row-container gutters-row-lg-2 gutters-row-md-2 gutters-row-2 gutters-row-v-lg-2 gutters-row-v-md-2 gutters-row-v-2 style-1272 style-local-173-c6 position-relative\">\n        <!----><\/p>\n<div class=\"h-row justify-content-lg-center justify-content-md-center justify-content-center align-items-lg-stretch align-items-md-stretch align-items-stretch gutters-col-lg-2 gutters-col-md-2 gutters-col-2 gutters-col-v-lg-2 gutters-col-v-md-2 gutters-col-v-2\">\n          <!----><\/p>\n<div class=\"h-column h-column-container d-flex h-col-lg-auto h-col-md-auto h-col-auto style-1273-outer style-local-173-c7-outer\">\n<div data-colibri-id=\"173-c7\" class=\"d-flex h-flex-basis h-column__inner h-px-lg-2 h-px-md-2 h-px-0 v-inner-lg-2 v-inner-md-2 v-inner-0 style-1273 style-local-173-c7 position-relative\">\n              <!----><br \/>\n              <!----><\/p>\n<div class=\"w-100 h-y-container h-column__content h-column__v-align flex-basis-100 align-self-lg-start align-self-md-start align-self-start\">\n                <!----><\/p>\n<div data-colibri-id=\"173-c8\" class=\"h-global-transition-all h-heading style-1274 style-local-173-c8 position-relative h-element\">\n                  <!----><\/p>\n<div class=\"h-heading__outer style-1274 style-local-173-c8\">\n                    <!----><br \/>\n                    <!----><\/p>\n<h2 class=\"\">Le Kyokai Villeurbanne<\/h2>\n<\/p><\/div>\n<\/p><\/div>\n<div data-colibri-id=\"173-c9\" class=\"h-lead h-text h-text-component style-1275 style-local-173-c9 position-relative h-element\">\n                  <!----><br \/>\n                  <!----><\/p>\n<div class=\"\">\n<p><span style=\"font-family: &quot;Calibri Light&quot;, sans-serif;\">est un club associatif loi 1901 de plus de 140 adh\u00e9rents, enseignant b\u00e9n\u00e9volement le karat\u00e9 et le Full contact. Il a \u00e9t\u00e9 cr\u00e9\u00e9 en septembre 2003, par des passionn\u00e9s des sports de combat et de contact.&nbsp;<\/span><\/p>\n<p><span style=\"font-family: &quot;Calibri Light&quot;, sans-serif;\">On y enseigne les valeurs du karat\u00e9-do et le code moral de tout combattant qui est le fairplay.<\/span><\/p>\n<\/p><\/div>\n<\/p><\/div>\n<\/p><\/div>\n<\/p><\/div>\n<\/p><\/div>\n<\/p><\/div>\n<\/p><\/div>\n<div data-colibri-id=\"173-c3\" class=\"h-row-container gutters-row-lg-2 gutters-row-md-2 gutters-row-2 gutters-row-v-lg-2 gutters-row-v-md-2 gutters-row-v-2 style-1269 style-local-173-c3 position-relative\">\n        <!----><\/p>\n<div class=\"h-row justify-content-lg-center justify-content-md-center justify-content-center align-items-lg-stretch align-items-md-stretch align-items-stretch gutters-col-lg-2 gutters-col-md-2 gutters-col-2 gutters-col-v-lg-2 gutters-col-v-md-2 gutters-col-v-2\">\n          <!----><\/p>\n<div class=\"h-column h-column-container d-flex h-col-lg-auto h-col-md-auto h-col-auto style-1270-outer style-local-173-c4-outer\">\n<div data-colibri-id=\"173-c4\" class=\"d-flex h-flex-basis h-column__inner h-ui-empty-state-container h-px-lg-0 h-px-md-0 h-px-0 v-inner-lg-0 v-inner-md-0 v-inner-0 style-1270 style-local-173-c4 position-relative\">\n              <!----><br \/>\n              <!----><\/p>\n<div class=\"w-100 h-y-container h-column__content h-column__v-align flex-basis-100\">\n                <!---->\n              <\/div>\n<\/p><\/div>\n<\/p><\/div>\n<\/p><\/div>\n<\/p><\/div>\n<\/p><\/div>\n<\/p><\/div>\n<div data-colibri-component=\"section\" data-colibri-id=\"173-c10\" id=\"content-4\" class=\"h-section h-section-global-spacing d-flex align-items-lg-center align-items-md-center align-items-center style-1283 style-local-173-c10 position-relative\">\n    <!----><br \/>\n    <!----><\/p>\n<div class=\"h-section-grid-container h-section-fluid-container\">\n      <!----><\/p>\n<div data-colibri-id=\"173-c11\" class=\"h-row-container gutters-row-lg-0 gutters-row-md-0 gutters-row-2 gutters-row-v-lg-0 gutters-row-v-md-0 gutters-row-v-2 style-1284 style-local-173-c11 position-relative\">\n        <!----><\/p>\n<div class=\"h-row justify-content-lg-center justify-content-md-center justify-content-center align-items-lg-stretch align-items-md-stretch align-items-stretch gutters-col-lg-0 gutters-col-md-0 gutters-col-2 gutters-col-v-lg-0 gutters-col-v-md-0 gutters-col-v-2\">\n          <!----><\/p>\n<div class=\"h-column h-column-container d-flex h-col-lg-auto h-col-md-auto h-col-auto style-1285-outer style-local-173-c12-outer\">\n<div data-colibri-id=\"173-c12\" class=\"d-flex h-flex-basis h-column__inner h-px-lg-0 h-px-md-0 h-px-0 v-inner-lg-0 v-inner-md-0 v-inner-0 style-1285 style-local-173-c12 position-relative\">\n              <!----><br \/>\n              <!----><\/p>\n<div class=\"w-100 h-y-container h-column__content h-column__v-align flex-basis-100 align-self-lg-start align-self-md-start align-self-start\">\n                <!----><\/p>\n<div data-colibri-id=\"173-c13\" class=\"h-global-transition-all h-heading style-1286 style-local-173-c13 position-relative h-element\">\n                  <!----><\/p>\n<div class=\"h-heading__outer style-1286 style-local-173-c13\">\n                    <!----><br \/>\n                    <!----><\/p>\n<h4 class=\"\">Le kyokai c&rsquo;est aussi&nbsp;<\/h4>\n<\/p><\/div>\n<\/p><\/div>\n<div data-colibri-id=\"173-c14\" class=\"h-text h-text-component style-1288 style-local-173-c14 position-relative h-element\">\n                  <!----><br \/>\n                  <!----><\/p>\n<div class=\"\">\n<p><span style=\"font-family: Calibri Light, sans-serif;\">un club qui de par ses r\u00e9sultats sportifs et ses cours dispens\u00e9s, s\u2019est fait conna\u00eetre au sein de la F\u00e9d\u00e9ration Fran\u00e7aise de Karat\u00e9.<\/span><\/p>\n<p><span style=\"font-family: Calibri Light, sans-serif;\">Les comp\u00e9tences et la p\u00e9dagogie de ses enseignants vous permettrons&nbsp;&nbsp;d\u2019apprendre, de progresser, et d\u2019atteindre l\u2019harmonie du corps et de l\u2019esprit avec ces deux disciplines.<\/span><\/p>\n<p>\n                      \n                    <\/p>\n<\/p><\/div>\n<\/p><\/div>\n<div data-colibri-id=\"173-c15\" class=\"h-row-container gutters-row-lg-2 gutters-row-md-2 gutters-row-0 gutters-row-v-lg-2 gutters-row-v-md-2 gutters-row-v-0 style-1289 style-local-173-c15 position-relative\">\n                  <!----><\/p>\n<div class=\"h-row justify-content-lg-center justify-content-md-center justify-content-center align-items-lg-stretch align-items-md-stretch align-items-stretch gutters-col-lg-2 gutters-col-md-2 gutters-col-0 gutters-col-v-lg-2 gutters-col-v-md-2 gutters-col-v-0\">\n                    <!----><\/p>\n<div class=\"h-column h-column-container d-flex h-col-lg-6 h-col-md-6 h-col-6 style-1290-outer style-local-173-c16-outer\">\n<div data-colibri-id=\"173-c16\" class=\"d-flex h-flex-basis h-column__inner h-px-lg-0 h-px-md-0 h-px-0 v-inner-lg-0 v-inner-md-0 v-inner-0 style-1290 style-local-173-c16 position-relative\">\n                        <!----><br \/>\n                        <!----><\/p>\n<div class=\"w-100 h-y-container h-column__content h-column__v-align flex-basis-100 align-self-lg-start align-self-md-start align-self-start\">\n                          <!----><\/p>\n<div data-colibri-id=\"173-c17\" class=\"h-global-transition-all h-heading style-1291 style-local-173-c17 position-relative h-element\">\n                            <!----><\/p>\n<div class=\"h-heading__outer style-1291 style-local-173-c17\">\n                              <!----><br \/>\n                              <!----><\/p>\n<h5 class=\"\">Apprendre&nbsp;<\/h5>\n<\/p><\/div>\n<\/p><\/div>\n<\/p><\/div>\n<\/p><\/div>\n<\/p><\/div>\n<div class=\"h-column h-column-container d-flex h-col-lg-6 h-col-md-6 h-col-6 style-1290-outer style-local-173-c18-outer\">\n<div data-colibri-id=\"173-c18\" class=\"d-flex h-flex-basis h-column__inner h-px-lg-0 h-px-md-0 h-px-0 v-inner-lg-0 v-inner-md-0 v-inner-0 style-1290 style-local-173-c18 position-relative\">\n                        <!----><br \/>\n                        <!----><\/p>\n<div class=\"w-100 h-y-container h-column__content h-column__v-align flex-basis-100 align-self-lg-start align-self-md-start align-self-start\">\n                          <!----><\/p>\n<div data-colibri-id=\"173-c19\" class=\"h-global-transition-all h-heading style-1291 style-local-173-c19 position-relative h-element\">\n                            <!----><\/p>\n<div class=\"h-heading__outer style-1291 style-local-173-c19\">\n                              <!----><br \/>\n                              <!----><\/p>\n<h5 class=\"\">Progresser<\/h5>\n<\/p><\/div>\n<\/p><\/div>\n<\/p><\/div>\n<\/p><\/div>\n<\/p><\/div>\n<div class=\"h-column h-column-container d-flex h-col-lg-6 h-col-md-6 h-col-6 style-1290-outer style-local-173-c20-outer\">\n<div data-colibri-id=\"173-c20\" class=\"d-flex h-flex-basis h-column__inner h-px-lg-0 h-px-md-0 h-px-0 v-inner-lg-0 v-inner-md-0 v-inner-0 style-1290 style-local-173-c20 position-relative\">\n                        <!----><br \/>\n                        <!----><\/p>\n<div class=\"w-100 h-y-container h-column__content h-column__v-align flex-basis-100 align-self-lg-start align-self-md-start align-self-start\">\n                          <!----><\/p>\n<div data-colibri-id=\"173-c21\" class=\"h-global-transition-all h-heading style-1291 style-local-173-c21 position-relative h-element\">\n                            <!----><\/p>\n<div class=\"h-heading__outer style-1291 style-local-173-c21\">\n                              <!----><br \/>\n                              <!----><\/p>\n<h5 class=\"\">atteindre l&rsquo;harmonie<\/h5>\n<\/p><\/div>\n<\/p><\/div>\n<div data-colibri-id=\"173-c22\" class=\"h-text h-text-component style-1292 style-local-173-c22 position-relative h-element\">\n                            <!----><br \/>\n                            <!----><\/p>\n<div class=\"\">\n<p>Du corps et de l&rsquo;esprit avec ces deux disciplines.&nbsp;<\/p>\n<\/p><\/div>\n<\/p><\/div>\n<\/p><\/div>\n<\/p><\/div>\n<\/p><\/div>\n<\/p><\/div>\n<\/p><\/div>\n<\/p><\/div>\n<\/p><\/div>\n<\/p><\/div>\n<div class=\"h-column h-column-container d-flex h-col-lg-auto h-col-md-auto h-col-auto style-1293-outer style-local-173-c23-outer\">\n<div data-colibri-id=\"173-c23\" class=\"d-flex h-flex-basis h-column__inner h-ui-empty-state-container h-px-lg-0 h-px-md-0 h-px-0 v-inner-lg-0 v-inner-md-0 v-inner-0 style-1293 style-local-173-c23 position-relative\">\n              <!----><br \/>\n              <!----><\/p>\n<div class=\"w-100 h-y-container h-column__content h-column__v-align flex-basis-100\">\n                <!---->\n              <\/div>\n<\/p><\/div>\n<\/p><\/div>\n<\/p><\/div>\n<\/p><\/div>\n<\/p><\/div>\n<\/p><\/div>\n<div data-colibri-component=\"section\" data-colibri-id=\"173-c24\" id=\"content-5\" class=\"h-section h-section-global-spacing d-flex align-items-lg-center align-items-md-center align-items-center style-1294 style-local-173-c24 position-relative\">\n    <!----><br \/>\n    <!----><\/p>\n<div class=\"h-section-grid-container h-section-fluid-container\">\n      <!----><\/p>\n<div data-colibri-id=\"173-c25\" class=\"h-row-container gutters-row-lg-0 gutters-row-md-0 gutters-row-2 gutters-row-v-lg-0 gutters-row-v-md-0 gutters-row-v-2 style-1295 style-local-173-c25 position-relative\">\n        <!----><\/p>\n<div class=\"h-row justify-content-lg-center justify-content-md-center justify-content-center align-items-lg-stretch align-items-md-stretch align-items-stretch gutters-col-lg-0 gutters-col-md-0 gutters-col-2 gutters-col-v-lg-0 gutters-col-v-md-0 gutters-col-v-2\">\n          <!----><\/p>\n<div class=\"h-column h-column-container d-flex h-col-lg-auto h-col-md-auto h-col-auto style-1296-outer style-local-173-c26-outer\">\n<div data-colibri-id=\"173-c26\" class=\"d-flex h-flex-basis h-column__inner h-px-lg-0 h-px-md-0 h-px-0 v-inner-lg-0 v-inner-md-0 v-inner-0 style-1296 style-local-173-c26 position-relative\">\n              <!----><br \/>\n              <!----><\/p>\n<div class=\"w-100 h-y-container h-column__content h-column__v-align flex-basis-100 align-self-lg-start align-self-md-start align-self-start\">\n                <!----><\/p>\n<div data-colibri-id=\"173-c27\" class=\"h-global-transition-all h-heading style-1297 style-local-173-c27 position-relative h-element\">\n                  <!----><\/p>\n<div class=\"h-heading__outer style-1297 style-local-173-c27\">\n                    <!----><br \/>\n                    <!----><\/p>\n<h4 class=\"\">Les enseignants<\/h4>\n<\/p><\/div>\n<\/p><\/div>\n<div data-colibri-id=\"173-c28\" class=\"h-text h-text-component style-1299 style-local-173-c28 position-relative h-element\">\n                  <!----><br \/>\n                  <!----><\/p>\n<div class=\"\">\n<p><span style=\"font-family: &quot;Calibri Light&quot;, sans-serif;\">sont tous dipl\u00f4m\u00e9s par la f\u00e9d\u00e9ration de karat\u00e9 et full contact.<\/span><\/p>\n<p><span style=\"font-family: &quot;Calibri Light&quot;, sans-serif;\">Le directeur technique du karat\u00e9 est Mike Julie 6i\u00e8me&nbsp;dan, responsable des grades du Rh\u00f4ne<\/span><\/p>\n<p><span style=\"font-family: &quot;Calibri Light&quot;, sans-serif;\">Le directeur technique du full contact est Jean Marc Carroz, 5 i\u00e8me dan, membre de la commission des grades karat\u00e9 full contact de la r\u00e9gion Auvergne Rh\u00f4ne Alpes.<\/span><\/p>\n<p><span style=\"font-family: &quot;Calibri Light&quot;, sans-serif;\">Tous deux ont \u00e9t\u00e9 titr\u00e9s \u00e0 l\u2019international et inculquent les bonnes valeurs des arts martiaux.<\/span><\/p>\n<p>\n                      \n                    <\/p>\n<\/p><\/div>\n<\/p><\/div>\n<div data-colibri-id=\"173-c29\" class=\"h-row-container gutters-row-lg-2 gutters-row-md-2 gutters-row-0 gutters-row-v-lg-2 gutters-row-v-md-2 gutters-row-v-0 style-1300 style-local-173-c29 position-relative\">\n                  <!----><\/p>\n<div class=\"h-row justify-content-lg-center justify-content-md-center justify-content-center align-items-lg-stretch align-items-md-stretch align-items-stretch gutters-col-lg-2 gutters-col-md-2 gutters-col-0 gutters-col-v-lg-2 gutters-col-v-md-2 gutters-col-v-0\">\n                    <!----><\/p>\n<div class=\"h-column h-column-container d-flex h-col-lg-6 h-col-md-6 h-col-6 style-1301-outer style-local-173-c30-outer\">\n<div data-colibri-id=\"173-c30\" class=\"d-flex h-flex-basis h-column__inner h-px-lg-0 h-px-md-0 h-px-0 v-inner-lg-0 v-inner-md-0 v-inner-0 style-1301 style-local-173-c30 position-relative\">\n                        <!----><br \/>\n                        <!----><\/p>\n<div class=\"w-100 h-y-container h-column__content h-column__v-align flex-basis-100 align-self-lg-start align-self-md-start align-self-start\">\n                          <!----><\/p>\n<div data-colibri-id=\"173-c31\" class=\"h-global-transition-all h-heading style-1302 style-local-173-c31 position-relative h-element\">\n                            <!----><\/p>\n<div class=\"h-heading__outer style-1302 style-local-173-c31\">\n                              <!----><br \/>\n                              <!----><br \/>\n                              <a href=\"https:\/\/lekyokai-villeurbanne.fr\/full-contact\/\" h-use-smooth-scroll=\"true\"><\/p>\n<h5 class=\"\"><span class=\"fancy-title-headline d-inline-flex\"><span class=\"text-wrapper-fancy\"><span class=\"text-animation-fancy bring-to-front\">d\u00e9couvrir<\/span><br \/>\n                                  <svg xmlns=\"http:\/\/www.w3.org\/2000\/svg\" viewBox=\"0 0 500 150\" preserveAspectRatio=\"none\">\n                                    <path d=\"M3,146.1c17.1-8.8,33.5-17.8,51.4-17.8c15.6,0,17.1,18.1,30.2,18.1c22.9,0,36-18.6,53.9-18.6 c17.1,0,21.3,18.5,37.5,18.5c21.3,0,31.8-18.6,49-18.6c22.1,0,18.8,18.8,36.8,18.8c18.8,0,37.5-18.6,49-18.6c20.4,0,17.1,19,36.8,19 c22.9,0,36.8-20.6,54.7-18.6c17.7,1.4,7.1,19.5,33.5,18.8c17.1,0,47.2-6.5,61.1-15.6\"><\/path>\n                                  <\/svg><br \/>\n                                  <\/span><br \/>\n                                  <\/span> le full contact<\/h5>\n<p>                              <\/a>\n                            <\/div>\n<\/p><\/div>\n<\/p><\/div>\n<\/p><\/div>\n<\/p><\/div>\n<div class=\"h-column h-column-container d-flex h-col-lg-6 h-col-md-6 h-col-6 style-1301-outer style-local-173-c32-outer\">\n<div data-colibri-id=\"173-c32\" class=\"d-flex h-flex-basis h-column__inner h-px-lg-0 h-px-md-0 h-px-0 v-inner-lg-0 v-inner-md-0 v-inner-0 style-1301 style-local-173-c32 position-relative\">\n                        <!----><br \/>\n                        <!----><\/p>\n<div class=\"w-100 h-y-container h-column__content h-column__v-align flex-basis-100 align-self-lg-start align-self-md-start align-self-start\">\n                          <!----><\/p>\n<div data-colibri-id=\"173-c33\" class=\"h-global-transition-all h-heading style-1302 style-local-173-c33 position-relative h-element\">\n                            <!----><\/p>\n<div class=\"h-heading__outer style-1302 style-local-173-c33\">\n                              <!----><br \/>\n                              <!----><br \/>\n                              <a href=\"https:\/\/lekyokai-villeurbanne.fr\/karate\/\" h-use-smooth-scroll=\"true\"><\/p>\n<h5 class=\"\"><span class=\"fancy-title-headline d-inline-flex\"><span class=\"text-wrapper-fancy\"><span class=\"text-animation-fancy bring-to-front\">d\u00e9couvrir<\/span><br \/>\n                                  <svg xmlns=\"http:\/\/www.w3.org\/2000\/svg\" viewBox=\"0 0 500 150\" preserveAspectRatio=\"none\">\n                                    <path d=\"M3,146.1c17.1-8.8,33.5-17.8,51.4-17.8c15.6,0,17.1,18.1,30.2,18.1c22.9,0,36-18.6,53.9-18.6 c17.1,0,21.3,18.5,37.5,18.5c21.3,0,31.8-18.6,49-18.6c22.1,0,18.8,18.8,36.8,18.8c18.8,0,37.5-18.6,49-18.6c20.4,0,17.1,19,36.8,19 c22.9,0,36.8-20.6,54.7-18.6c17.7,1.4,7.1,19.5,33.5,18.8c17.1,0,47.2-6.5,61.1-15.6\"><\/path>\n                                  <\/svg><br \/>\n                                  <\/span><br \/>\n                                  <\/span> le<br \/>\n                                  <br \/>karat\u00e9<\/h5>\n<p>                              <\/a>\n                            <\/div>\n<\/p><\/div>\n<\/p><\/div>\n<\/p><\/div>\n<\/p><\/div>\n<\/p><\/div>\n<\/p><\/div>\n<\/p><\/div>\n<\/p><\/div>\n<\/p><\/div>\n<div class=\"h-column h-column-container d-flex h-col-lg-auto h-col-md-auto h-col-auto style-1304-outer style-local-173-c34-outer\">\n<div data-colibri-id=\"173-c34\" class=\"d-flex h-flex-basis h-column__inner h-ui-empty-state-container h-px-lg-0 h-px-md-0 h-px-0 v-inner-lg-0 v-inner-md-0 v-inner-0 style-1304 style-local-173-c34 position-relative\">\n              <!----><br \/>\n              <!----><\/p>\n<div class=\"w-100 h-y-container h-column__content h-column__v-align flex-basis-100\">\n                <!---->\n              <\/div>\n<\/p><\/div>\n<\/p><\/div>\n<\/p><\/div>\n<\/p><\/div>\n<\/p><\/div>\n<\/p><\/div>\n<\/div>\n","protected":false},"excerpt":{"rendered":"<p>Le Kyokai Villeurbanne est un club associatif loi 1901 de plus de 140 adh\u00e9rents, enseignant b\u00e9n\u00e9volement le karat\u00e9 et le Full contact. Il a \u00e9t\u00e9 cr\u00e9\u00e9 en septembre 2003, par des passionn\u00e9s des sports de combat et de contact.&nbsp; On y enseigne les valeurs du karat\u00e9-do et le code moral de tout combattant qui est [&hellip;]<\/p>\n","protected":false},"author":1,"featured_media":0,"parent":0,"menu_order":0,"comment_status":"closed","ping_status":"closed","template":"page-templates\/full-width-page.php","meta":{"footnotes":""},"class_list":["post-173","page","type-page","status-publish","hentry"],"_links":{"self":[{"href":"https:\/\/lekyokai-villeurbanne.fr\/index.php?rest_route=\/wp\/v2\/pages\/173","targetHints":{"allow":["GET"]}}],"collection":[{"href":"https:\/\/lekyokai-villeurbanne.fr\/index.php?rest_route=\/wp\/v2\/pages"}],"about":[{"href":"https:\/\/lekyokai-villeurbanne.fr\/index.php?rest_route=\/wp\/v2\/types\/page"}],"author":[{"embeddable":true,"href":"https:\/\/lekyokai-villeurbanne.fr\/index.php?rest_route=\/wp\/v2\/users\/1"}],"replies":[{"embeddable":true,"href":"https:\/\/lekyokai-villeurbanne.fr\/index.php?rest_route=%2Fwp%2Fv2%2Fcomments&post=173"}],"version-history":[{"count":20,"href":"https:\/\/lekyokai-villeurbanne.fr\/index.php?rest_route=\/wp\/v2\/pages\/173\/revisions"}],"predecessor-version":[{"id":3814,"href":"https:\/\/lekyokai-villeurbanne.fr\/index.php?rest_route=\/wp\/v2\/pages\/173\/revisions\/3814"}],"wp:attachment":[{"href":"https:\/\/lekyokai-villeurbanne.fr\/index.php?rest_route=%2Fwp%2Fv2%2Fmedia&parent=173"}],"curies":[{"name":"wp","href":"https:\/\/api.w.org\/{rel}","templated":true}]}}