{"id":174,"date":"2021-02-25T18:09:13","date_gmt":"2021-02-25T17:09:13","guid":{"rendered":"http:\/\/localhost:8888\/wordpress\/?page_id=174"},"modified":"2022-08-09T10:25:16","modified_gmt":"2022-08-09T08:25:16","slug":"full-contact","status":"publish","type":"page","link":"https:\/\/lekyokai-villeurbanne.fr\/?page_id=174","title":{"rendered":"Full Contact"},"content":{"rendered":"\t\t<div data-elementor-type=\"wp-page\" data-elementor-id=\"174\" class=\"elementor elementor-174\">\n\t\t\t\t\t\t<section class=\"elementor-section elementor-top-section elementor-element elementor-element-71348f2f elementor-section-content-middle elementor-section-full_width aux-appear-watch-animation aux-jack-in-box elementor-section-height-default elementor-section-height-default\" data-id=\"71348f2f\" data-element_type=\"section\" data-e-type=\"section\" data-settings=\"{&quot;background_background&quot;:&quot;classic&quot;}\">\n\t\t\t\t\t\t<div class=\"elementor-container elementor-column-gap-no\">\n\t\t\t\t\t<div class=\"aux-parallax-section elementor-column elementor-col-100 elementor-top-column elementor-element elementor-element-da8a11e\" data-id=\"da8a11e\" data-element_type=\"column\" data-e-type=\"column\" data-settings=\"{&quot;background_background&quot;:&quot;classic&quot;}\">\n\t\t\t<div class=\"elementor-widget-wrap elementor-element-populated\">\n\t\t\t\t\t\t<div class=\"elementor-element elementor-element-39b7a45a elementor-widget elementor-widget-heading\" data-id=\"39b7a45a\" data-element_type=\"widget\" data-e-type=\"widget\" data-widget_type=\"heading.default\">\n\t\t\t\t<div class=\"elementor-widget-container\">\n\t\t\t\t\t<h4 class=\"elementor-heading-title elementor-size-default\">Qu'est ce que le Full Contact ?<\/h4>\t\t\t\t<\/div>\n\t\t\t\t<\/div>\n\t\t\t\t\t<\/div>\n\t\t<\/div>\n\t\t\t\t\t<\/div>\n\t\t<\/section>\n\t\t\t\t<section class=\"elementor-section elementor-top-section elementor-element elementor-element-2cb1489b elementor-section-content-middle aux-appear-watch-animation aux-fade-in-up elementor-section-boxed elementor-section-height-default elementor-section-height-default\" data-id=\"2cb1489b\" data-element_type=\"section\" data-e-type=\"section\">\n\t\t\t\t\t\t\t<div class=\"elementor-background-overlay\"><\/div>\n\t\t\t\t\t\t\t<div class=\"elementor-container elementor-column-gap-no\">\n\t\t\t\t\t<div class=\"aux-parallax-section elementor-column elementor-col-100 elementor-top-column elementor-element elementor-element-7182c27\" data-id=\"7182c27\" data-element_type=\"column\" data-e-type=\"column\">\n\t\t\t<div class=\"elementor-widget-wrap elementor-element-populated\">\n\t\t\t\t\t\t<div class=\"elementor-element elementor-element-5713b2d9 elementor-view-default elementor-position-block-start elementor-mobile-position-block-start elementor-widget elementor-widget-icon-box\" data-id=\"5713b2d9\" data-element_type=\"widget\" data-e-type=\"widget\" data-widget_type=\"icon-box.default\">\n\t\t\t\t<div class=\"elementor-widget-container\">\n\t\t\t\t\t\t\t<div class=\"elementor-icon-box-wrapper\">\n\n\t\t\t\t\t\t<div class=\"elementor-icon-box-icon\">\n\t\t\t\t<span  class=\"elementor-icon elementor-animation-shrink\">\n\t\t\t\t<i aria-hidden=\"true\" class=\"fas fa-toggle-on\"><\/i>\t\t\t\t<\/span>\n\t\t\t<\/div>\n\t\t\t\n\t\t\t\t\t\t<div class=\"elementor-icon-box-content\">\n\n\t\t\t\t\n\t\t\t\t\t\t\t\t\t<p class=\"elementor-icon-box-description\">\n\t\t\t\t\t\tLe Full Contact \t\t\t\t\t<\/p>\n\t\t\t\t\n\t\t\t<\/div>\n\t\t\t\n\t\t<\/div>\n\t\t\t\t\t\t<\/div>\n\t\t\t\t<\/div>\n\t\t\t\t<div class=\"elementor-element elementor-element-53e50b4a elementor-widget__width-inherit elementor-widget elementor-widget-text-editor\" data-id=\"53e50b4a\" data-element_type=\"widget\" data-e-type=\"widget\" data-widget_type=\"text-editor.default\">\n\t\t\t\t<div class=\"elementor-widget-container\">\n\t\t\t\t\t\t\t\t\t<p>C&rsquo;est une forme de boxe pieds-poings qui a vu le jour aux \u00c9tats-Unis dans les ann\u00e9es 70. Il est issu du karat\u00e9 plein-contact (K.O autoris\u00e9) sans coups port\u00e9s sous la ceinture, \u00e0 la diff\u00e9rence du Kick-boxing. En France, on appelle les pratiquants de Full Contact des \u00ab\u00a0Fulleurs\u00a0\u00bb et les pratiquantes des \u00ab\u00a0Fulleuses\u00a0\u00bb.<\/p>\t\t\t\t\t\t\t\t<\/div>\n\t\t\t\t<\/div>\n\t\t\t\t<div class=\"elementor-element elementor-element-169bf26 elementor-widget elementor-widget-spacer\" data-id=\"169bf26\" data-element_type=\"widget\" data-e-type=\"widget\" data-widget_type=\"spacer.default\">\n\t\t\t\t<div class=\"elementor-widget-container\">\n\t\t\t\t\t\t\t<div class=\"elementor-spacer\">\n\t\t\t<div class=\"elementor-spacer-inner\"><\/div>\n\t\t<\/div>\n\t\t\t\t\t\t<\/div>\n\t\t\t\t<\/div>\n\t\t\t\t<div class=\"elementor-element elementor-element-9f39f32 elementor-widget elementor-widget-aux-gallery\" data-id=\"9f39f32\" data-element_type=\"widget\" data-e-type=\"widget\" data-widget_type=\"aux-gallery.default\">\n\t\t\t\t<div class=\"elementor-widget-container\">\n\t\t\t\t\t<section class=\"widget-container aux-widget-gallery aux-parent-au4ba0d2df\"><div id='aux-gallery-1' class='aux-gallery galleryid-174 gallery-columns-4 aux-lightbox-gallery'><div class=\"aux-gallery-container aux-isotope-animated aux-row aux-de-col4 aux-tb-col2 aux-mb-col1 elementor-clickable aux-no-gutter aux-layout-masonry\"  data-pagination=\"false\" data-lazyload=\"false\" data-perpage=\"24\" data-layout=\"masonry\" data-space=\"10\" >    <figure class=\"gallery-item aux-hover-active aux-iso-item aux-col \">\n            <div class=\"aux-frame-mask-plain aux-frame-ratio \">\n                <a href=\"https:\/\/lekyokai-villeurbanne.fr\/wp-content\/uploads\/2022\/08\/IMG_20211129_134211-scaled.jpg\" class=\"aux-frame-ratio-inner aux-frame-darken aux-lightbox-btn \" data-elementor-open-lightbox=\"no\" data-original-width=\"2560\" data-original-height=\"1920\" data-caption=\"dav\">\n                                <div class=\"aux-hover-scale-circle-plus2\">\n                        <span class=\"aux-symbol-plus\"><\/span>\n                        <span class=\"aux-symbol-circle\"><\/span>\n                    <\/div>\n                        <img fetchpriority=\"high\" decoding=\"async\" width=\"300\" height=\"300\" src=\"https:\/\/lekyokai-villeurbanne.fr\/wp-content\/uploads\/2022\/08\/IMG_20211129_134211-300x300.jpg\" class=\"aux-attachment aux-featured-image attachment-300x300 aux-attachment-id-6006 \" alt=\"dav\" srcset=\"https:\/\/lekyokai-villeurbanne.fr\/wp-content\/uploads\/2022\/08\/IMG_20211129_134211-150x150.jpg 150w,https:\/\/lekyokai-villeurbanne.fr\/wp-content\/uploads\/2022\/08\/IMG_20211129_134211-300x300.jpg 300w,https:\/\/lekyokai-villeurbanne.fr\/wp-content\/uploads\/2022\/08\/IMG_20211129_134211-768x768.jpg 768w,https:\/\/lekyokai-villeurbanne.fr\/wp-content\/uploads\/2022\/08\/IMG_20211129_134211-1024x1024.jpg 1024w,https:\/\/lekyokai-villeurbanne.fr\/wp-content\/uploads\/2022\/08\/IMG_20211129_134211-300x300.jpg 300w,https:\/\/lekyokai-villeurbanne.fr\/wp-content\/uploads\/2022\/08\/IMG_20211129_134211-scaled-2550x2550.jpg 2550w\" data-ratio=\"1\" data-original-w=\"2560\" sizes=\"(max-width:767px) 100vw,(min-width:768px) and (max-width:1025px) 50vw,380px\" \/>                <\/a>\n            <\/div>\n                <\/figure>\n    <figure class=\"gallery-item aux-hover-active aux-iso-item aux-col \">\n            <div class=\"aux-frame-mask-plain aux-frame-ratio \">\n                <a href=\"https:\/\/lekyokai-villeurbanne.fr\/wp-content\/uploads\/2022\/08\/31B-scaled.jpg\" class=\"aux-frame-ratio-inner aux-frame-darken aux-lightbox-btn \" data-elementor-open-lightbox=\"no\" data-original-width=\"2560\" data-original-height=\"1708\" data-caption=\"31B\">\n                                <div class=\"aux-hover-scale-circle-plus2\">\n                        <span class=\"aux-symbol-plus\"><\/span>\n                        <span class=\"aux-symbol-circle\"><\/span>\n                    <\/div>\n                        <img decoding=\"async\" width=\"300\" height=\"300\" src=\"https:\/\/lekyokai-villeurbanne.fr\/wp-content\/uploads\/2022\/08\/31B-300x300.jpg\" class=\"aux-attachment aux-featured-image attachment-300x300 aux-attachment-id-5936 \" alt=\"31B\" srcset=\"https:\/\/lekyokai-villeurbanne.fr\/wp-content\/uploads\/2022\/08\/31B-150x150.jpg 150w,https:\/\/lekyokai-villeurbanne.fr\/wp-content\/uploads\/2022\/08\/31B-300x300.jpg 300w,https:\/\/lekyokai-villeurbanne.fr\/wp-content\/uploads\/2022\/08\/31B-768x768.jpg 768w,https:\/\/lekyokai-villeurbanne.fr\/wp-content\/uploads\/2022\/08\/31B-1024x1024.jpg 1024w,https:\/\/lekyokai-villeurbanne.fr\/wp-content\/uploads\/2022\/08\/31B-300x300.jpg 300w,https:\/\/lekyokai-villeurbanne.fr\/wp-content\/uploads\/2022\/08\/31B-scaled-2550x2550.jpg 2550w\" data-ratio=\"1\" data-original-w=\"2560\" sizes=\"(max-width:767px) 100vw,(min-width:768px) and (max-width:1025px) 50vw,380px\" \/>                <\/a>\n            <\/div>\n                <\/figure>\n    <figure class=\"gallery-item aux-hover-active aux-iso-item aux-col \">\n            <div class=\"aux-frame-mask-plain aux-frame-ratio \">\n                <a href=\"https:\/\/lekyokai-villeurbanne.fr\/wp-content\/uploads\/2022\/08\/81A-scaled.jpg\" class=\"aux-frame-ratio-inner aux-frame-darken aux-lightbox-btn \" data-elementor-open-lightbox=\"no\" data-original-width=\"1853\" data-original-height=\"2560\" data-caption=\"81A\">\n                                <div class=\"aux-hover-scale-circle-plus2\">\n                        <span class=\"aux-symbol-plus\"><\/span>\n                        <span class=\"aux-symbol-circle\"><\/span>\n                    <\/div>\n                        <img decoding=\"async\" width=\"300\" height=\"300\" src=\"https:\/\/lekyokai-villeurbanne.fr\/wp-content\/uploads\/2022\/08\/81A-300x300.jpg\" class=\"aux-attachment aux-featured-image attachment-300x300 aux-attachment-id-5940 \" alt=\"81A\" srcset=\"https:\/\/lekyokai-villeurbanne.fr\/wp-content\/uploads\/2022\/08\/81A-150x150.jpg 150w,https:\/\/lekyokai-villeurbanne.fr\/wp-content\/uploads\/2022\/08\/81A-300x300.jpg 300w,https:\/\/lekyokai-villeurbanne.fr\/wp-content\/uploads\/2022\/08\/81A-768x768.jpg 768w,https:\/\/lekyokai-villeurbanne.fr\/wp-content\/uploads\/2022\/08\/81A-1024x1024.jpg 1024w,https:\/\/lekyokai-villeurbanne.fr\/wp-content\/uploads\/2022\/08\/81A-300x300.jpg 300w,https:\/\/lekyokai-villeurbanne.fr\/wp-content\/uploads\/2022\/08\/81A-scaled-1843x1843.jpg 1843w\" data-ratio=\"1\" data-original-w=\"1853\" sizes=\"(max-width:767px) 100vw,(min-width:768px) and (max-width:1025px) 50vw,380px\" \/>                <\/a>\n            <\/div>\n                <\/figure>\n    <figure class=\"gallery-item aux-hover-active aux-iso-item aux-col \">\n            <div class=\"aux-frame-mask-plain aux-frame-ratio \">\n                <a href=\"https:\/\/lekyokai-villeurbanne.fr\/wp-content\/uploads\/2022\/08\/91A-scaled.jpg\" class=\"aux-frame-ratio-inner aux-frame-darken aux-lightbox-btn \" data-elementor-open-lightbox=\"no\" data-original-width=\"2560\" data-original-height=\"1709\" data-caption=\"91A\">\n                                <div class=\"aux-hover-scale-circle-plus2\">\n                        <span class=\"aux-symbol-plus\"><\/span>\n                        <span class=\"aux-symbol-circle\"><\/span>\n                    <\/div>\n                        <img loading=\"lazy\" decoding=\"async\" width=\"300\" height=\"300\" src=\"https:\/\/lekyokai-villeurbanne.fr\/wp-content\/uploads\/2022\/08\/91A-300x300.jpg\" class=\"aux-attachment aux-featured-image attachment-300x300 aux-attachment-id-5941 \" alt=\"91A\" srcset=\"https:\/\/lekyokai-villeurbanne.fr\/wp-content\/uploads\/2022\/08\/91A-150x150.jpg 150w,https:\/\/lekyokai-villeurbanne.fr\/wp-content\/uploads\/2022\/08\/91A-300x300.jpg 300w,https:\/\/lekyokai-villeurbanne.fr\/wp-content\/uploads\/2022\/08\/91A-768x768.jpg 768w,https:\/\/lekyokai-villeurbanne.fr\/wp-content\/uploads\/2022\/08\/91A-1024x1024.jpg 1024w,https:\/\/lekyokai-villeurbanne.fr\/wp-content\/uploads\/2022\/08\/91A-300x300.jpg 300w,https:\/\/lekyokai-villeurbanne.fr\/wp-content\/uploads\/2022\/08\/91A-scaled-2550x2550.jpg 2550w\" data-ratio=\"1\" data-original-w=\"2560\" sizes=\"(max-width:767px) 100vw,(min-width:768px) and (max-width:1025px) 50vw,380px\" \/>                <\/a>\n            <\/div>\n                <\/figure>\n<\/div><\/div><\/section><!-- widget-container --><style>.aux-parent-au4ba0d2df .aux-frame-ratio { padding-bottom:91% }<\/style>\t\t\t\t<\/div>\n\t\t\t\t<\/div>\n\t\t\t\t\t<\/div>\n\t\t<\/div>\n\t\t\t\t\t<\/div>\n\t\t<\/section>\n\t\t\t\t<section class=\"elementor-section elementor-top-section elementor-element elementor-element-344e1566 elementor-section-content-middle elementor-section-boxed elementor-section-height-default elementor-section-height-default\" data-id=\"344e1566\" data-element_type=\"section\" data-e-type=\"section\">\n\t\t\t\t\t\t<div class=\"elementor-container elementor-column-gap-no\">\n\t\t\t\t\t<div class=\"aux-parallax-section elementor-column elementor-col-33 elementor-top-column elementor-element elementor-element-536da0e3 aux-appear-watch-animation aux-fade-in-up-1\" data-id=\"536da0e3\" data-element_type=\"column\" data-e-type=\"column\" data-settings=\"{&quot;background_background&quot;:&quot;classic&quot;}\">\n\t\t\t<div class=\"elementor-widget-wrap elementor-element-populated\">\n\t\t\t\t\t\t<div class=\"elementor-element elementor-element-63545b18 elementor-widget elementor-widget-heading\" data-id=\"63545b18\" data-element_type=\"widget\" data-e-type=\"widget\" data-widget_type=\"heading.default\">\n\t\t\t\t<div class=\"elementor-widget-container\">\n\t\t\t\t\t<h5 class=\"elementor-heading-title elementor-size-default\">Les objectifs<\/h5>\t\t\t\t<\/div>\n\t\t\t\t<\/div>\n\t\t\t\t<div class=\"elementor-element elementor-element-9464c18 elementor-widget elementor-widget-text-editor\" data-id=\"9464c18\" data-element_type=\"widget\" data-e-type=\"widget\" data-widget_type=\"text-editor.default\">\n\t\t\t\t<div class=\"elementor-widget-container\">\n\t\t\t\t\t\t\t\t\t<p><strong>D\u00e9velopper sa condition physique avec des techniques de boxe pieds poings et canaliser son \u00e9nergie.<\/strong><\/p>\t\t\t\t\t\t\t\t<\/div>\n\t\t\t\t<\/div>\n\t\t\t\t\t<\/div>\n\t\t<\/div>\n\t\t\t\t<div class=\"aux-parallax-section elementor-column elementor-col-66 elementor-top-column elementor-element elementor-element-4d0ebba2 aux-appear-watch-animation aux-fade-in-up-1\" data-id=\"4d0ebba2\" data-element_type=\"column\" data-e-type=\"column\">\n\t\t\t<div class=\"elementor-widget-wrap elementor-element-populated\">\n\t\t\t\t\t\t<div class=\"elementor-element elementor-element-1abd2a7e elementor-widget elementor-widget-toggle\" data-id=\"1abd2a7e\" data-element_type=\"widget\" data-e-type=\"widget\" data-widget_type=\"toggle.default\">\n\t\t\t\t<div class=\"elementor-widget-container\">\n\t\t\t\t\t\t\t<div class=\"elementor-toggle\">\n\t\t\t\t\t\t\t<div class=\"elementor-toggle-item\">\n\t\t\t\t\t<div id=\"elementor-tab-title-4481\" class=\"elementor-tab-title\" data-tab=\"1\" role=\"button\" aria-controls=\"elementor-tab-content-4481\" aria-expanded=\"false\">\n\t\t\t\t\t\t\t\t\t\t\t\t<span class=\"elementor-toggle-icon elementor-toggle-icon-right\" aria-hidden=\"true\">\n\t\t\t\t\t\t\t\t\t\t\t\t\t\t\t<span class=\"elementor-toggle-icon-closed\"><i class=\"fas fa-caret-right\"><\/i><\/span>\n\t\t\t\t\t\t\t\t<span class=\"elementor-toggle-icon-opened\"><i class=\"elementor-toggle-icon-opened fas fa-caret-up\"><\/i><\/span>\n\t\t\t\t\t\t\t\t\t\t\t\t\t<\/span>\n\t\t\t\t\t\t\t\t\t\t\t\t<a class=\"elementor-toggle-title\" tabindex=\"0\">D\u00e9veloppement du syst\u00e8me cardio-respiratoire<\/a>\n\t\t\t\t\t<\/div>\n\n\t\t\t\t\t<div id=\"elementor-tab-content-4481\" class=\"elementor-tab-content elementor-clearfix\" data-tab=\"1\" role=\"region\" aria-labelledby=\"elementor-tab-title-4481\"><p>Am\u00e9liore la sant\u00e9 et augmente l&rsquo;endurance pour faciliter les exercices.<\/p><\/div>\n\t\t\t\t<\/div>\n\t\t\t\t\t\t\t<div class=\"elementor-toggle-item\">\n\t\t\t\t\t<div id=\"elementor-tab-title-4482\" class=\"elementor-tab-title\" data-tab=\"2\" role=\"button\" aria-controls=\"elementor-tab-content-4482\" aria-expanded=\"false\">\n\t\t\t\t\t\t\t\t\t\t\t\t<span class=\"elementor-toggle-icon elementor-toggle-icon-right\" aria-hidden=\"true\">\n\t\t\t\t\t\t\t\t\t\t\t\t\t\t\t<span class=\"elementor-toggle-icon-closed\"><i class=\"fas fa-caret-right\"><\/i><\/span>\n\t\t\t\t\t\t\t\t<span class=\"elementor-toggle-icon-opened\"><i class=\"elementor-toggle-icon-opened fas fa-caret-up\"><\/i><\/span>\n\t\t\t\t\t\t\t\t\t\t\t\t\t<\/span>\n\t\t\t\t\t\t\t\t\t\t\t\t<a class=\"elementor-toggle-title\" tabindex=\"0\">D\u00e9veloppe la coordination<\/a>\n\t\t\t\t\t<\/div>\n\n\t\t\t\t\t<div id=\"elementor-tab-content-4482\" class=\"elementor-tab-content elementor-clearfix\" data-tab=\"2\" role=\"region\" aria-labelledby=\"elementor-tab-title-4482\"><p>harmonie des gestes et la forme\u00a0 de corps.<\/p><\/div>\n\t\t\t\t<\/div>\n\t\t\t\t\t\t\t<div class=\"elementor-toggle-item\">\n\t\t\t\t\t<div id=\"elementor-tab-title-4483\" class=\"elementor-tab-title\" data-tab=\"3\" role=\"button\" aria-controls=\"elementor-tab-content-4483\" aria-expanded=\"false\">\n\t\t\t\t\t\t\t\t\t\t\t\t<span class=\"elementor-toggle-icon elementor-toggle-icon-right\" aria-hidden=\"true\">\n\t\t\t\t\t\t\t\t\t\t\t\t\t\t\t<span class=\"elementor-toggle-icon-closed\"><i class=\"fas fa-caret-right\"><\/i><\/span>\n\t\t\t\t\t\t\t\t<span class=\"elementor-toggle-icon-opened\"><i class=\"elementor-toggle-icon-opened fas fa-caret-up\"><\/i><\/span>\n\t\t\t\t\t\t\t\t\t\t\t\t\t<\/span>\n\t\t\t\t\t\t\t\t\t\t\t\t<a class=\"elementor-toggle-title\" tabindex=\"0\">Ma\u00eetrise de ses capacit\u00e9s physiques<\/a>\n\t\t\t\t\t<\/div>\n\n\t\t\t\t\t<div id=\"elementor-tab-content-4483\" class=\"elementor-tab-content elementor-clearfix\" data-tab=\"3\" role=\"region\" aria-labelledby=\"elementor-tab-title-4483\"><p>Travail en r\u00e9p\u00e9tition de gestes techniques \u00e9volutifs.<\/p><\/div>\n\t\t\t\t<\/div>\n\t\t\t\t\t\t\t<div class=\"elementor-toggle-item\">\n\t\t\t\t\t<div id=\"elementor-tab-title-4484\" class=\"elementor-tab-title\" data-tab=\"4\" role=\"button\" aria-controls=\"elementor-tab-content-4484\" aria-expanded=\"false\">\n\t\t\t\t\t\t\t\t\t\t\t\t<span class=\"elementor-toggle-icon elementor-toggle-icon-right\" aria-hidden=\"true\">\n\t\t\t\t\t\t\t\t\t\t\t\t\t\t\t<span class=\"elementor-toggle-icon-closed\"><i class=\"fas fa-caret-right\"><\/i><\/span>\n\t\t\t\t\t\t\t\t<span class=\"elementor-toggle-icon-opened\"><i class=\"elementor-toggle-icon-opened fas fa-caret-up\"><\/i><\/span>\n\t\t\t\t\t\t\t\t\t\t\t\t\t<\/span>\n\t\t\t\t\t\t\t\t\t\t\t\t<a class=\"elementor-toggle-title\" tabindex=\"0\">D\u00e9veloppement de la souplesse<\/a>\n\t\t\t\t\t<\/div>\n\n\t\t\t\t\t<div id=\"elementor-tab-content-4484\" class=\"elementor-tab-content elementor-clearfix\" data-tab=\"4\" role=\"region\" aria-labelledby=\"elementor-tab-title-4484\"><p>Etirement et stretching en ad\u00e9quation avec les techniques pieds-poings.<\/p><\/div>\n\t\t\t\t<\/div>\n\t\t\t\t\t\t\t\t<\/div>\n\t\t\t\t\t\t<\/div>\n\t\t\t\t<\/div>\n\t\t\t\t\t<\/div>\n\t\t<\/div>\n\t\t\t\t\t<\/div>\n\t\t<\/section>\n\t\t\t\t<section class=\"elementor-section elementor-top-section elementor-element elementor-element-09b3e6b elementor-section-boxed elementor-section-height-default elementor-section-height-default\" data-id=\"09b3e6b\" data-element_type=\"section\" data-e-type=\"section\">\n\t\t\t\t\t\t<div class=\"elementor-container elementor-column-gap-default\">\n\t\t\t\t\t<div class=\"aux-parallax-section elementor-column elementor-col-100 elementor-top-column elementor-element elementor-element-ebd1865\" data-id=\"ebd1865\" data-element_type=\"column\" data-e-type=\"column\">\n\t\t\t<div class=\"elementor-widget-wrap elementor-element-populated\">\n\t\t\t\t\t\t<div class=\"elementor-element elementor-element-c00db5c elementor-align-center elementor-widget elementor-widget-button\" data-id=\"c00db5c\" data-element_type=\"widget\" data-e-type=\"widget\" data-widget_type=\"button.default\">\n\t\t\t\t<div class=\"elementor-widget-container\">\n\t\t\t\t\t\t\t\t\t<div class=\"elementor-button-wrapper\">\n\t\t\t\t\t<a class=\"elementor-button elementor-button-link elementor-size-lg\" href=\"https:\/\/lekyokai-villeurbanne.fr\/?page_id=4803\">\n\t\t\t\t\t\t<span class=\"elementor-button-content-wrapper\">\n\t\t\t\t\t\t\t\t\t<span class=\"elementor-button-text\">Retour<\/span>\n\t\t\t\t\t<\/span>\n\t\t\t\t\t<\/a>\n\t\t\t\t<\/div>\n\t\t\t\t\t\t\t\t<\/div>\n\t\t\t\t<\/div>\n\t\t\t\t\t<\/div>\n\t\t<\/div>\n\t\t\t\t\t<\/div>\n\t\t<\/section>\n\t\t\t\t<\/div>\n\t\t","protected":false},"excerpt":{"rendered":"<p>Qu&rsquo;est ce que le Full Contact ? Le Full Contact C&rsquo;est une forme de boxe pieds-poings qui a vu le jour aux \u00c9tats-Unis dans les ann\u00e9es 70. Il est issu du karat\u00e9 plein-contact (K.O autoris\u00e9) sans coups port\u00e9s sous la ceinture, \u00e0 la diff\u00e9rence du Kick-boxing. En France, on appelle les pratiquants de Full Contact [&hellip;]<\/p>\n","protected":false},"author":1,"featured_media":0,"parent":0,"menu_order":0,"comment_status":"closed","ping_status":"closed","template":"","meta":{"footnotes":""},"class_list":["post-174","page","type-page","status-publish","hentry"],"_links":{"self":[{"href":"https:\/\/lekyokai-villeurbanne.fr\/index.php?rest_route=\/wp\/v2\/pages\/174","targetHints":{"allow":["GET"]}}],"collection":[{"href":"https:\/\/lekyokai-villeurbanne.fr\/index.php?rest_route=\/wp\/v2\/pages"}],"about":[{"href":"https:\/\/lekyokai-villeurbanne.fr\/index.php?rest_route=\/wp\/v2\/types\/page"}],"author":[{"embeddable":true,"href":"https:\/\/lekyokai-villeurbanne.fr\/index.php?rest_route=\/wp\/v2\/users\/1"}],"replies":[{"embeddable":true,"href":"https:\/\/lekyokai-villeurbanne.fr\/index.php?rest_route=%2Fwp%2Fv2%2Fcomments&post=174"}],"version-history":[{"count":97,"href":"https:\/\/lekyokai-villeurbanne.fr\/index.php?rest_route=\/wp\/v2\/pages\/174\/revisions"}],"predecessor-version":[{"id":6312,"href":"https:\/\/lekyokai-villeurbanne.fr\/index.php?rest_route=\/wp\/v2\/pages\/174\/revisions\/6312"}],"wp:attachment":[{"href":"https:\/\/lekyokai-villeurbanne.fr\/index.php?rest_route=%2Fwp%2Fv2%2Fmedia&parent=174"}],"curies":[{"name":"wp","href":"https:\/\/api.w.org\/{rel}","templated":true}]}}