{"id":4838,"date":"2022-05-13T19:40:12","date_gmt":"2022-05-13T17:40:12","guid":{"rendered":"https:\/\/lekyokai-villeurbanne.fr\/?page_id=4838"},"modified":"2024-06-20T09:15:16","modified_gmt":"2024-06-20T07:15:16","slug":"lequipe-enseignante-propre","status":"publish","type":"page","link":"https:\/\/lekyokai-villeurbanne.fr\/?page_id=4838","title":{"rendered":"L&rsquo;\u00e9quipe enseignante"},"content":{"rendered":"\t\t<div data-elementor-type=\"wp-page\" data-elementor-id=\"4838\" class=\"elementor elementor-4838\">\n\t\t\t\t\t\t<section class=\"elementor-section elementor-top-section elementor-element elementor-element-4996f312 elementor-section-boxed elementor-section-height-default elementor-section-height-default\" data-id=\"4996f312\" data-element_type=\"section\" data-e-type=\"section\">\n\t\t\t\t\t\t<div class=\"elementor-container elementor-column-gap-default\">\n\t\t\t\t\t<div class=\"aux-parallax-section elementor-column elementor-col-50 elementor-top-column elementor-element elementor-element-b8c2033\" data-id=\"b8c2033\" data-element_type=\"column\" data-e-type=\"column\">\n\t\t\t<div class=\"elementor-widget-wrap elementor-element-populated\">\n\t\t\t\t\t\t<div class=\"elementor-element elementor-element-3cb23f94 aux-appear-watch-animation aux-fade-in elementor-widget elementor-widget-aux_image\" data-id=\"3cb23f94\" data-element_type=\"widget\" data-e-type=\"widget\" data-widget_type=\"aux_image.default\">\n\t\t\t\t<div class=\"elementor-widget-container\">\n\t\t\t\t\t<section class=\"widget-container aux-widget-image aux-alignnone aux-parent-au24accecf\">\n    <div class=\"aux-media-hint-frame \">\n        <div class=\"aux-media-image \" >\n        \n            \n\n            \n            <img fetchpriority=\"high\" decoding=\"async\" width=\"1388\" height=\"200\" src=\"https:\/\/lekyokai-villeurbanne.fr\/wp-content\/uploads\/2022\/03\/IMG-20220206-WA0016-1388x200.jpg\" class=\"aux-attachment aux-featured-image aux-attachment-id-4521\" alt=\"IMG-20220206-WA0016\" srcset=\"https:\/\/lekyokai-villeurbanne.fr\/wp-content\/uploads\/2022\/03\/IMG-20220206-WA0016-150x22.jpg 150w,https:\/\/lekyokai-villeurbanne.fr\/wp-content\/uploads\/2022\/03\/IMG-20220206-WA0016-300x43.jpg 300w,https:\/\/lekyokai-villeurbanne.fr\/wp-content\/uploads\/2022\/03\/IMG-20220206-WA0016-768x111.jpg 768w,https:\/\/lekyokai-villeurbanne.fr\/wp-content\/uploads\/2022\/03\/IMG-20220206-WA0016-1024x148.jpg 1024w,https:\/\/lekyokai-villeurbanne.fr\/wp-content\/uploads\/2022\/03\/IMG-20220206-WA0016-1388x200.jpg 1388w\" data-ratio=\"6.94\" data-original-w=\"2048\" sizes=\"(max-width:479px) 480px,(max-width:767px) 768px,(max-width:1023px) 1024px,1388px\" \/>            \n                <\/div>\n    <\/div>\n\n<\/section><!-- widget-container -->\t\t\t\t<\/div>\n\t\t\t\t<\/div>\n\t\t\t\t\t<\/div>\n\t\t<\/div>\n\t\t\t\t<div class=\"aux-parallax-section elementor-column elementor-col-50 elementor-top-column elementor-element elementor-element-b03fc01\" data-id=\"b03fc01\" data-element_type=\"column\" data-e-type=\"column\" data-settings=\"{&quot;background_background&quot;:&quot;classic&quot;}\">\n\t\t\t<div class=\"elementor-widget-wrap elementor-element-populated\">\n\t\t\t\t\t\t<div class=\"elementor-element elementor-element-708d032f aux-appear-watch-animation aux-fade-in-right elementor-widget elementor-widget-aux_modern_heading\" data-id=\"708d032f\" data-element_type=\"widget\" data-e-type=\"widget\" data-widget_type=\"aux_modern_heading.default\">\n\t\t\t\t<div class=\"elementor-widget-container\">\n\t\t\t\t\t<section class=\"aux-widget-modern-heading\">\n            <div class=\"aux-widget-inner\"><div class=\"aux-modern-heading-divider\"><\/div><h2 class=\"aux-modern-heading-primary\">L'\u00e9quipe Kyokai<\/h2><\/div>\n        <\/section>\t\t\t\t<\/div>\n\t\t\t\t<\/div>\n\t\t\t\t\t<\/div>\n\t\t<\/div>\n\t\t\t\t\t<\/div>\n\t\t<\/section>\n\t\t\t\t<section class=\"elementor-section elementor-top-section elementor-element elementor-element-621ff20f elementor-section-boxed elementor-section-height-default elementor-section-height-default\" data-id=\"621ff20f\" data-element_type=\"section\" data-e-type=\"section\">\n\t\t\t\t\t\t<div class=\"elementor-container elementor-column-gap-default\">\n\t\t\t\t\t<div class=\"aux-parallax-section elementor-column elementor-col-100 elementor-top-column elementor-element elementor-element-7a5e352a\" data-id=\"7a5e352a\" data-element_type=\"column\" data-e-type=\"column\">\n\t\t\t<div class=\"elementor-widget-wrap elementor-element-populated\">\n\t\t\t\t\t\t<div class=\"elementor-element elementor-element-d9d803b aux-appear-watch-animation aux-fade-in elementor-widget elementor-widget-aux_modern_heading\" data-id=\"d9d803b\" data-element_type=\"widget\" data-e-type=\"widget\" data-widget_type=\"aux_modern_heading.default\">\n\t\t\t\t<div class=\"elementor-widget-container\">\n\t\t\t\t\t<section class=\"aux-widget-modern-heading\">\n            <div class=\"aux-widget-inner\"><h2 class=\"aux-modern-heading-primary\">Nos enseignants<\/h2><div class=\"aux-modern-heading-divider\"><\/div><\/div>\n        <\/section>\t\t\t\t<\/div>\n\t\t\t\t<\/div>\n\t\t\t\t\t<\/div>\n\t\t<\/div>\n\t\t\t\t\t<\/div>\n\t\t<\/section>\n\t\t\t\t<section class=\"elementor-section elementor-top-section elementor-element elementor-element-6aa6e8f7 elementor-section-boxed elementor-section-height-default elementor-section-height-default\" data-id=\"6aa6e8f7\" data-element_type=\"section\" data-e-type=\"section\">\n\t\t\t\t\t\t<div class=\"elementor-container elementor-column-gap-default\">\n\t\t\t\t\t<div class=\"aux-parallax-section elementor-column elementor-col-33 elementor-top-column elementor-element elementor-element-287c92b1 aux-appear-watch-animation aux-fade-in-right-1\" data-id=\"287c92b1\" data-element_type=\"column\" data-e-type=\"column\">\n\t\t\t<div class=\"elementor-widget-wrap elementor-element-populated\">\n\t\t\t\t\t\t<div class=\"elementor-element elementor-element-135112c2 elementor-widget elementor-widget-aux_staff\" data-id=\"135112c2\" data-element_type=\"widget\" data-e-type=\"widget\" data-widget_type=\"aux_staff.default\">\n\t\t\t\t<div class=\"elementor-widget-container\">\n\t\t\t\t\t<section class=\"aux-wrap-style-simple widget-container aux-widget-staff aux-parent-aud726ea47\">    <div class=\"aux-staff-container aux-staff-pos-top aux-staff-text-left aux-staff-text-dark \" >\n            <div class=\"aux-staff-header aux-staff-img-rect\">\n            <div class=\"aux-media-image\"><img decoding=\"async\" width=\"636\" height=\"636\" src=\"image\/gif;base64,R0lGODlhAQABAIAAAAAAAP\/\/\/yH5BAEAAAAALAAAAAABAAEAAAIBRAA7\" class=\" aux-preload aux-blank\" alt=\"cropped-Mike-Julie.jpg\" data-ratio=\"1\" data-original-w=\"636\" data-srcset=\"https:\/\/lekyokai-villeurbanne.fr\/wp-content\/uploads\/2021\/03\/cropped-Mike-Julie-150x150.jpg 150w,https:\/\/lekyokai-villeurbanne.fr\/wp-content\/uploads\/2021\/03\/cropped-Mike-Julie-300x300.jpg 300w,https:\/\/lekyokai-villeurbanne.fr\/wp-content\/uploads\/2021\/03\/cropped-Mike-Julie-768x768.jpg 636w\" data-src=\"https:\/\/lekyokai-villeurbanne.fr\/wp-content\/uploads\/2021\/03\/cropped-Mike-Julie-768x768.jpg\" \/><\/div>        <\/div>\n            <div class=\"aux-staff-content\">\n                        <h4 class=\"col-title\">Mike JULIE<\/h4>\n                        <h5 class=\"col-subtitle\">Directeur technique karat\u00e9<\/h5>\n                        <div class=\"entry-content\">\n                                7i\u00e8me Dan de karat\u00e9\nDipl\u00f4m\u00e9 de la FFKDA.\nResponsable de la commission des Grades du Rh\u00f4ne \net de la Zid du lyonnais.\nPlusieurs titres nationaux et internationaux.\n            <\/div>\n                    <\/div>\n\n    <\/div>\n\n\n<\/section><!-- widget-container -->\t\t\t\t<\/div>\n\t\t\t\t<\/div>\n\t\t\t\t\t<\/div>\n\t\t<\/div>\n\t\t\t\t<div class=\"aux-parallax-section elementor-column elementor-col-33 elementor-top-column elementor-element elementor-element-47e78ff2 aux-appear-watch-animation aux-fade-in-right-1\" data-id=\"47e78ff2\" data-element_type=\"column\" data-e-type=\"column\">\n\t\t\t<div class=\"elementor-widget-wrap elementor-element-populated\">\n\t\t\t\t\t\t<div class=\"elementor-element elementor-element-e4880e8 elementor-widget elementor-widget-aux_staff\" data-id=\"e4880e8\" data-element_type=\"widget\" data-e-type=\"widget\" data-widget_type=\"aux_staff.default\">\n\t\t\t\t<div class=\"elementor-widget-container\">\n\t\t\t\t\t<section class=\"aux-wrap-style-simple widget-container aux-widget-staff aux-parent-au9393af76\">    <div class=\"aux-staff-container aux-staff-pos-top aux-staff-text-left aux-staff-text-dark \" >\n            <div class=\"aux-staff-header aux-staff-img-rect\">\n            <div class=\"aux-media-image\"><img decoding=\"async\" width=\"768\" height=\"768\" src=\"image\/gif;base64,R0lGODlhAQABAIAAAAAAAP\/\/\/yH5BAEAAAAALAAAAAABAAEAAAIBRAA7\" class=\" aux-preload aux-blank\" alt=\"39A\" data-ratio=\"1\" data-original-w=\"1779\" data-srcset=\"https:\/\/lekyokai-villeurbanne.fr\/wp-content\/uploads\/2021\/06\/39A-scaled-e1652516706442-150x150.jpg 150w,https:\/\/lekyokai-villeurbanne.fr\/wp-content\/uploads\/2021\/06\/39A-scaled-e1652516706442-300x300.jpg 300w,https:\/\/lekyokai-villeurbanne.fr\/wp-content\/uploads\/2021\/06\/39A-scaled-e1652516706442-768x768.jpg 768w,https:\/\/lekyokai-villeurbanne.fr\/wp-content\/uploads\/2021\/06\/39A-scaled-e1652516706442-1024x1024.jpg 1024w,https:\/\/lekyokai-villeurbanne.fr\/wp-content\/uploads\/2021\/06\/39A-scaled-e1652516706442-768x768.jpg 768w\" data-src=\"https:\/\/lekyokai-villeurbanne.fr\/wp-content\/uploads\/2021\/06\/39A-scaled-e1652516706442-768x768.jpg\" \/><\/div>        <\/div>\n            <div class=\"aux-staff-content\">\n                        <h4 class=\"col-title\">Jean-Marc<\/h4>\n                        <h5 class=\"col-subtitle\">Directeur technique Karat\u00e9 Full-contact<\/h5>\n                        <div class=\"entry-content\">\n                                6i\u00e8me dan de full-contact\nDipl\u00f4m\u00e9 de la FFKDA.\nMembre du Jury de la commission des Grades du Rh\u00f4ne et de la Zid du lyonnais.\nPlusieurs titres internationaux            <\/div>\n                    <\/div>\n\n    <\/div>\n\n\n<\/section><!-- widget-container -->\t\t\t\t<\/div>\n\t\t\t\t<\/div>\n\t\t\t\t\t<\/div>\n\t\t<\/div>\n\t\t\t\t<div class=\"aux-parallax-section elementor-column elementor-col-33 elementor-top-column elementor-element elementor-element-46aeba95 aux-appear-watch-animation aux-fade-in-right-1\" data-id=\"46aeba95\" data-element_type=\"column\" data-e-type=\"column\">\n\t\t\t<div class=\"elementor-widget-wrap elementor-element-populated\">\n\t\t\t\t\t\t<div class=\"elementor-element elementor-element-52ae4c51 elementor-widget elementor-widget-aux_staff\" data-id=\"52ae4c51\" data-element_type=\"widget\" data-e-type=\"widget\" data-widget_type=\"aux_staff.default\">\n\t\t\t\t<div class=\"elementor-widget-container\">\n\t\t\t\t\t<section class=\"aux-wrap-style-simple widget-container aux-widget-staff aux-parent-auf2332f50\">    <div class=\"aux-staff-container aux-staff-pos-top aux-staff-text-left aux-staff-text-dark \" >\n            <div class=\"aux-staff-header aux-staff-img-rect\">\n            <div class=\"aux-media-image\"><img loading=\"lazy\" decoding=\"async\" width=\"768\" height=\"768\" src=\"image\/gif;base64,R0lGODlhAQABAIAAAAAAAP\/\/\/yH5BAEAAAAALAAAAAABAAEAAAIBRAA7\" class=\" aux-preload aux-blank\" alt=\"Guigui\" data-ratio=\"1\" data-original-w=\"1005\" data-srcset=\"https:\/\/lekyokai-villeurbanne.fr\/wp-content\/uploads\/2022\/01\/Guigui-e1652516747975-150x150.jpg 150w,https:\/\/lekyokai-villeurbanne.fr\/wp-content\/uploads\/2022\/01\/Guigui-e1652516747975-300x300.jpg 300w,https:\/\/lekyokai-villeurbanne.fr\/wp-content\/uploads\/2022\/01\/Guigui-e1652516747975-768x768.jpg 768w,https:\/\/lekyokai-villeurbanne.fr\/wp-content\/uploads\/2022\/01\/Guigui-e1652516747975-768x768.jpg 768w\" data-src=\"https:\/\/lekyokai-villeurbanne.fr\/wp-content\/uploads\/2022\/01\/Guigui-e1652516747975-768x768.jpg\" \/><\/div>        <\/div>\n            <div class=\"aux-staff-content\">\n                        <h4 class=\"col-title\">Guillaume OZ-UZUN<\/h4>\n                        <h5 class=\"col-subtitle\">Entra\u00eeneur<\/h5>\n                        <div class=\"entry-content\">\n                                5i\u00e8me dan de full-contact\nDipl\u00f4m\u00e9 de la FFKDA.\nAncien membre de l'\u00e9quipe de France de Full contact.\nEntraineur R\u00e9gional Karat\u00e9 Full-Contact.\nPlusieurs titres nationaux et internationaux.\nEx-professionnel cat\u00e9gorie A.\n\n            <\/div>\n                    <\/div>\n\n    <\/div>\n\n\n<\/section><!-- widget-container -->\t\t\t\t<\/div>\n\t\t\t\t<\/div>\n\t\t\t\t\t<\/div>\n\t\t<\/div>\n\t\t\t\t\t<\/div>\n\t\t<\/section>\n\t\t\t\t<section class=\"elementor-section elementor-top-section elementor-element elementor-element-d1e8c10 elementor-section-boxed elementor-section-height-default elementor-section-height-default\" data-id=\"d1e8c10\" data-element_type=\"section\" data-e-type=\"section\">\n\t\t\t\t\t\t<div class=\"elementor-container elementor-column-gap-default\">\n\t\t\t\t\t<div class=\"aux-parallax-section elementor-column elementor-col-33 elementor-top-column elementor-element elementor-element-0b329e0 aux-appear-watch-animation aux-fade-in-right-1\" data-id=\"0b329e0\" data-element_type=\"column\" data-e-type=\"column\">\n\t\t\t<div class=\"elementor-widget-wrap elementor-element-populated\">\n\t\t\t\t\t\t<div class=\"elementor-element elementor-element-bb63a5c elementor-widget elementor-widget-aux_staff\" data-id=\"bb63a5c\" data-element_type=\"widget\" data-e-type=\"widget\" data-widget_type=\"aux_staff.default\">\n\t\t\t\t<div class=\"elementor-widget-container\">\n\t\t\t\t\t<section class=\"aux-wrap-style-simple widget-container aux-widget-staff aux-parent-aua32cc013\">    <div class=\"aux-staff-container aux-staff-pos-top aux-staff-text-left aux-staff-text-dark \" >\n            <div class=\"aux-staff-header aux-staff-img-rect\">\n            <div class=\"aux-media-image\"><img loading=\"lazy\" decoding=\"async\" width=\"768\" height=\"768\" src=\"image\/gif;base64,R0lGODlhAQABAIAAAAAAAP\/\/\/yH5BAEAAAAALAAAAAABAAEAAAIBRAA7\" class=\" aux-preload aux-blank\" alt=\"_MG_0070\" data-ratio=\"1\" data-original-w=\"1707\" data-srcset=\"https:\/\/lekyokai-villeurbanne.fr\/wp-content\/uploads\/2022\/08\/MG_0070-150x150.jpg 150w,https:\/\/lekyokai-villeurbanne.fr\/wp-content\/uploads\/2022\/08\/MG_0070-300x300.jpg 300w,https:\/\/lekyokai-villeurbanne.fr\/wp-content\/uploads\/2022\/08\/MG_0070-768x768.jpg 768w,https:\/\/lekyokai-villeurbanne.fr\/wp-content\/uploads\/2022\/08\/MG_0070-1024x1024.jpg 1024w,https:\/\/lekyokai-villeurbanne.fr\/wp-content\/uploads\/2022\/08\/MG_0070-768x768.jpg 768w\" data-src=\"https:\/\/lekyokai-villeurbanne.fr\/wp-content\/uploads\/2022\/08\/MG_0070-768x768.jpg\" \/><\/div>        <\/div>\n            <div class=\"aux-staff-content\">\n                        <h4 class=\"col-title\">JC<\/h4>\n                        <h5 class=\"col-subtitle\">Directeur technique Self D\u00e9fense<\/h5>\n                        <div class=\"entry-content\">\n                                6i\u00e8me Dan de karat\u00e9\nDipl\u00f4m\u00e9 de la FFKDA.\nMembre du Jury de la commission des Grades du Rh\u00f4ne et de la Zid du lyonnais.\nPlusieurs titres nationaux et internationaux.\n            <\/div>\n                    <\/div>\n\n    <\/div>\n\n\n<\/section><!-- widget-container -->\t\t\t\t<\/div>\n\t\t\t\t<\/div>\n\t\t\t\t\t<\/div>\n\t\t<\/div>\n\t\t\t\t<div class=\"aux-parallax-section elementor-column elementor-col-33 elementor-top-column elementor-element elementor-element-8a5a3bb aux-appear-watch-animation aux-fade-in-right-1\" data-id=\"8a5a3bb\" data-element_type=\"column\" data-e-type=\"column\">\n\t\t\t<div class=\"elementor-widget-wrap elementor-element-populated\">\n\t\t\t\t\t\t<div class=\"elementor-element elementor-element-0a6a61c elementor-widget elementor-widget-aux_staff\" data-id=\"0a6a61c\" data-element_type=\"widget\" data-e-type=\"widget\" data-widget_type=\"aux_staff.default\">\n\t\t\t\t<div class=\"elementor-widget-container\">\n\t\t\t\t\t<section class=\"aux-wrap-style-simple widget-container aux-widget-staff aux-parent-auf7480a61\">    <div class=\"aux-staff-container aux-staff-pos-top aux-staff-text-left aux-staff-text-dark \" >\n            <div class=\"aux-staff-header aux-staff-img-rect\">\n            <div class=\"aux-media-image\"><img loading=\"lazy\" decoding=\"async\" width=\"768\" height=\"768\" src=\"image\/gif;base64,R0lGODlhAQABAIAAAAAAAP\/\/\/yH5BAEAAAAALAAAAAABAAEAAAIBRAA7\" class=\" aux-preload aux-blank\" alt=\"Patrick\" data-ratio=\"1\" data-original-w=\"1920\" data-srcset=\"https:\/\/lekyokai-villeurbanne.fr\/wp-content\/uploads\/2022\/08\/Patrick-150x150.jpg 150w,https:\/\/lekyokai-villeurbanne.fr\/wp-content\/uploads\/2022\/08\/Patrick-300x300.jpg 300w,https:\/\/lekyokai-villeurbanne.fr\/wp-content\/uploads\/2022\/08\/Patrick-768x768.jpg 768w,https:\/\/lekyokai-villeurbanne.fr\/wp-content\/uploads\/2022\/08\/Patrick-1024x1024.jpg 1024w,https:\/\/lekyokai-villeurbanne.fr\/wp-content\/uploads\/2022\/08\/Patrick-768x768.jpg 768w\" data-src=\"https:\/\/lekyokai-villeurbanne.fr\/wp-content\/uploads\/2022\/08\/Patrick-768x768.jpg\" \/><\/div>        <\/div>\n            <div class=\"aux-staff-content\">\n                        <h4 class=\"col-title\">Patrick<\/h4>\n                        <h5 class=\"col-subtitle\">Entra\u00eeneur<\/h5>\n                        <div class=\"entry-content\">\n                                2i\u00e8me dan de full-Contact\nDipl\u00f4m\u00e9 de la FFKDA.\nArbitre national Full-Contact.            <\/div>\n                    <\/div>\n\n    <\/div>\n\n\n<\/section><!-- widget-container -->\t\t\t\t<\/div>\n\t\t\t\t<\/div>\n\t\t\t\t\t<\/div>\n\t\t<\/div>\n\t\t\t\t<div class=\"aux-parallax-section elementor-column elementor-col-33 elementor-top-column elementor-element elementor-element-60d1f70 aux-appear-watch-animation aux-fade-in-right-1\" data-id=\"60d1f70\" data-element_type=\"column\" data-e-type=\"column\">\n\t\t\t<div class=\"elementor-widget-wrap elementor-element-populated\">\n\t\t\t\t\t\t<div class=\"elementor-element elementor-element-7bd7cc1 elementor-widget elementor-widget-aux_staff\" data-id=\"7bd7cc1\" data-element_type=\"widget\" data-e-type=\"widget\" data-widget_type=\"aux_staff.default\">\n\t\t\t\t<div class=\"elementor-widget-container\">\n\t\t\t\t\t<section class=\"aux-wrap-style-simple widget-container aux-widget-staff aux-parent-au7bd15dfe\">    <div class=\"aux-staff-container aux-staff-pos-top aux-staff-text-center aux-staff-text-dark \" >\n            <div class=\"aux-staff-header aux-staff-img-rect\">\n            <div class=\"aux-media-image\"><img loading=\"lazy\" decoding=\"async\" width=\"473\" height=\"476\" src=\"image\/gif;base64,R0lGODlhAQABAIAAAAAAAP\/\/\/yH5BAEAAAAALAAAAAABAAEAAAIBRAA7\" class=\" aux-preload aux-blank\" alt=\"60b00057-d39e-489b-a848-5dcb8497f643\" data-ratio=\"1\" data-original-w=\"473\" data-srcset=\"https:\/\/lekyokai-villeurbanne.fr\/wp-content\/uploads\/2022\/08\/60b00057-d39e-489b-a848-5dcb8497f643-e1661704533809-150x150.jpg 150w,https:\/\/lekyokai-villeurbanne.fr\/wp-content\/uploads\/2022\/08\/60b00057-d39e-489b-a848-5dcb8497f643-e1661704533809-300x300.jpg 300w,https:\/\/lekyokai-villeurbanne.fr\/wp-content\/uploads\/2022\/08\/60b00057-d39e-489b-a848-5dcb8497f643-e1661704533809-500x500.jpg 473w\" data-src=\"https:\/\/lekyokai-villeurbanne.fr\/wp-content\/uploads\/2022\/08\/60b00057-d39e-489b-a848-5dcb8497f643-e1661704533809-500x500.jpg\" \/><\/div>        <\/div>\n            <div class=\"aux-staff-content\">\n                        <h4 class=\"col-title\">Clair<\/h4>\n                        <h5 class=\"col-subtitle\">Entra\u00eeneur<\/h5>\n                        <div class=\"entry-content\">\n                                2i\u00e8me dan de Full-contact.\nDipl\u00f4m\u00e9 de la FFKDA.\n\n\n\n            <\/div>\n                    <\/div>\n\n    <\/div>\n\n\n<\/section><!-- widget-container -->\t\t\t\t<\/div>\n\t\t\t\t<\/div>\n\t\t\t\t\t<\/div>\n\t\t<\/div>\n\t\t\t\t\t<\/div>\n\t\t<\/section>\n\t\t\t\t<\/div>\n\t\t","protected":false},"excerpt":{"rendered":"<p>L&rsquo;\u00e9quipe Kyokai Nos enseignants Mike JULIE Directeur technique karat\u00e9 7i\u00e8me Dan de karat\u00e9 Dipl\u00f4m\u00e9 de la FFKDA. Responsable de la commission des Grades du Rh\u00f4ne et de la Zid du lyonnais. Plusieurs titres nationaux et internationaux. Jean-Marc Directeur technique Karat\u00e9 Full-contact 6i\u00e8me dan de full-contact Dipl\u00f4m\u00e9 de la FFKDA. Membre du Jury de la commission [&hellip;]<\/p>\n","protected":false},"author":1,"featured_media":0,"parent":0,"menu_order":0,"comment_status":"closed","ping_status":"closed","template":"","meta":{"footnotes":""},"class_list":["post-4838","page","type-page","status-publish","hentry"],"_links":{"self":[{"href":"https:\/\/lekyokai-villeurbanne.fr\/index.php?rest_route=\/wp\/v2\/pages\/4838","targetHints":{"allow":["GET"]}}],"collection":[{"href":"https:\/\/lekyokai-villeurbanne.fr\/index.php?rest_route=\/wp\/v2\/pages"}],"about":[{"href":"https:\/\/lekyokai-villeurbanne.fr\/index.php?rest_route=\/wp\/v2\/types\/page"}],"author":[{"embeddable":true,"href":"https:\/\/lekyokai-villeurbanne.fr\/index.php?rest_route=\/wp\/v2\/users\/1"}],"replies":[{"embeddable":true,"href":"https:\/\/lekyokai-villeurbanne.fr\/index.php?rest_route=%2Fwp%2Fv2%2Fcomments&post=4838"}],"version-history":[{"count":89,"href":"https:\/\/lekyokai-villeurbanne.fr\/index.php?rest_route=\/wp\/v2\/pages\/4838\/revisions"}],"predecessor-version":[{"id":6746,"href":"https:\/\/lekyokai-villeurbanne.fr\/index.php?rest_route=\/wp\/v2\/pages\/4838\/revisions\/6746"}],"wp:attachment":[{"href":"https:\/\/lekyokai-villeurbanne.fr\/index.php?rest_route=%2Fwp%2Fv2%2Fmedia&parent=4838"}],"curies":[{"name":"wp","href":"https:\/\/api.w.org\/{rel}","templated":true}]}}